{"id":101,"date":"2017-06-23T12:40:43","date_gmt":"2017-06-23T12:40:43","guid":{"rendered":"http:\/\/vetalliance.cat\/?page_id=101"},"modified":"2021-11-02T13:40:07","modified_gmt":"2021-11-02T13:40:07","slug":"conocenos","status":"publish","type":"page","link":"https:\/\/vetalliance.cat\/es\/conocenos\/","title":{"rendered":"Con\u00f3cenos"},"content":{"rendered":"<h1 style=\"margin-bottom: 10px !important; margin-top: 30px !important;\"><span style=\"font-size: 46px;\">Conoce al equipo<\/span><\/h1>\n<p style=\"text-align: left;\">Nuestro peque\u00f1o equipo est\u00e1 completamente comprometido con nuestros pacientes. Tenemos como primer objetivo dar un servicio de calidad excepcional y asequible al mismo tiempo.<\/p>\n<p style=\"text-align: left;\">Sabemos de primera mano lo que es tener animales en casa y la importancia que tienen dentro de nuestra familia. Por eso siempre tenemos presente que dar una atenci\u00f3n individualizada a lo largo de toda su vida es algo vital.<\/p>\n<p><span><img loading=\"lazy\" alt=\"\" style=\"\" src=\"\/\/vetalliance.cat\/wp-content\/uploads\/2017\/06\/Marcelo-CabreraOK.jpg\" width=\"352\" height=\"449\" data-attachment-id=\"290\"><\/span><\/p>\n<p><span style=\"font-size: 24px;\">Marcelo Cabrera<\/span><\/p>\n<p>Soy de Argentina y me licenci\u00e9 en la Universidad de C\u00f3rdoba, Argentina en 1999.<\/p>\n<p>Pas\u00e9 los primeros a\u00f1os trabajando en diferentes pa\u00edses de Sudam\u00e9rica para luego trasladarme al Reino Unido.<\/p>\n<p>All\u00ed trabaj\u00e9 durante dos a\u00f1os incorporando nuevas experiencias a mis habilidades, disfrutando siempre del contacto con los animales.<\/p>\n<p>En 2007 decid\u00ed mudarme a Barcelona y estuve ejerciendo como responsable veterinario en la Protectora de Animales de Matar\u00f3 entre 2007 y 2014.<\/p>\n<p>En 2008 complet\u00e9 un Master en Etolog\u00eda en la Universidad Aut\u00f3noma de Barcelona.<\/p>\n<p>Mi amplia experiencia profesional y quir\u00fargica tienen una especial dedicaci\u00f3n en la traumatolog\u00eda y la ortopedia, ya que son dos campos que me apasionan.<\/p>\n<p>Licenciado en Veterinaria, Universidad Aut\u00f3noma de Barcelona, 2006. Posgrado en cirug\u00eda (tejidos blandos, traumatolog\u00eda y neurocirug\u00eda) en 2010 por la European School of Postgraduate Veterinary Studies.<\/p>\n<p>Ha trabajado en varias cl\u00ednicas privadas y protectoras de Catalunya, centr\u00e1ndose especialmente en el \u00e1mbito quir\u00fargico y la medicina y cirug\u00eda de animales salvajes y ex\u00f3ticos.<\/p>\n<p>Miembro de AVEPA, participando en los grupos de trabajo de traumatolog\u00eda y ortopedia y medicina y cirug\u00eda de animales ex\u00f3ticos.<\/p>\n<p><span><img loading=\"lazy\" alt=\"\" style=\"\" src=\"\/\/vetalliance.cat\/wp-content\/uploads\/2017\/06\/Screenshot-2017-06-28-15.39.53.png\" width=\"352\" height=\"347\" data-attachment-id=\"291\"><\/span><\/p>\n<p><span style=\"font-size: 24px;\">Sergi Tr\u00f3coli<\/span><\/p>\n<p><span style=\"width: 100%;\"><img loading=\"lazy\" alt=\"\" style=\"\" src=\"https:\/\/vetalliance.cat\/wp-content\/uploads\/2019\/02\/Screenshot-2019-02-06-06.34.57.png\" width=\"520\" height=\"520\" data-attachment-id=\"291\" title=\"Screenshot 2019-02-06 06.34.57\" data-id=\"474\"><\/span><\/p>\n<p><span style=\"font-size: 24px;\">Irian Bofarull Ache<\/span><\/p>\n<p>Licenciada en veterinaria por la UAB en 2017.<\/p>\n<p>Actualmente esta terminando el posgrado en medicina interna de Improve International.<\/p>\n<p>Las especialidades que mas afinidad tiene son Medicina Interna y dermatolog\u00eda.<\/p>\n<p>Es vegetariana y una gran amante de realizar actividades en la naturaleza.<\/p>\n<p>Auxiliar veterinaria de formaci\u00f3n, desempe\u00f1a tareas de atenci\u00f3n al publico y recepci\u00f3n.<\/p>\n<p>Se incorpora a Vetalliance en el 2017.<\/p>\n<p><span style=\"width: 100%;\"><img loading=\"lazy\" alt=\"\" style=\"\" src=\"https:\/\/vetalliance.cat\/wp-content\/uploads\/2019\/02\/Screenshot-2019-02-06-06.48.49.png\" width=\"645\" height=\"645\" data-attachment-id=\"137\" title=\"Screenshot 2019-02-06 06.48.49\" data-id=\"484\"><\/span><\/p>\n<p><span style=\"font-size: 24px;\">Dunia Garcia<\/span><\/p>\n<p><span style=\"width: 100%;\"><img loading=\"lazy\" alt=\"\" style=\"\" src=\"https:\/\/vetalliance.cat\/wp-content\/uploads\/2019\/02\/Screenshot-2019-02-06-07.17.18.png\" width=\"655\" height=\"655\" data-attachment-id=\"291\" title=\"Screenshot 2019-02-06 07.17.18\" data-id=\"488\"><\/span><\/p>\n<p><span style=\"font-size: 24px;\">Inma Casany Esteban<\/span><\/p>\n<p>Inma se ha incorporado recientemente al equipo.<\/p>\n<p>Posee una amplia experiencia en atenci\u00f3n al Publio.<\/p>\n<p>Es auxiliar veterinaria con mas de 10 a\u00f1os de experiencia en el sector.<\/p>\n<p>&nbsp;Originaria de la ciudad de Barcelona, vive con sus 3 gatos.<\/p>\n<p>Sus hobbies son el baile, padle, pilates y un buen libro.<\/p>\n","protected":false},"excerpt":{"rendered":"<p>Conoce al equipo Nuestro peque\u00f1o equipo est\u00e1 completamente comprometido con nuestros pacientes. Tenemos como primer objetivo dar un servicio de calidad excepcional y asequible al mismo tiempo. Sabemos de primera mano lo que es tener animales en casa y la importancia que tienen dentro de nuestra familia. Por eso siempre tenemos presente que dar una [&hellip;]<\/p>\n","protected":false},"author":1,"featured_media":0,"parent":0,"menu_order":0,"comment_status":"closed","ping_status":"closed","template":"","meta":[],"yoast_head":"<!-- This site is optimized with the Yoast SEO plugin v17.5 - https:\/\/yoast.com\/wordpress\/plugins\/seo\/ -->\n<title>Con\u00f3cenos - VetAlliance<\/title>\n<meta name=\"robots\" content=\"index, follow, max-snippet:-1, max-image-preview:large, max-video-preview:-1\" \/>\n<link rel=\"canonical\" href=\"https:\/\/vetalliance.cat\/es\/conocenos\/\" \/>\n<meta property=\"og:locale\" content=\"es_ES\" \/>\n<meta property=\"og:type\" content=\"article\" \/>\n<meta property=\"og:title\" content=\"Con\u00f3cenos - VetAlliance\" \/>\n<meta property=\"og:description\" content=\"Conoce al equipo Nuestro peque\u00f1o equipo est\u00e1 completamente comprometido con nuestros pacientes. Tenemos como primer objetivo dar un servicio de calidad excepcional y asequible al mismo tiempo. Sabemos de primera mano lo que es tener animales en casa y la importancia que tienen dentro de nuestra familia. Por eso siempre tenemos presente que dar una [&hellip;]\" \/>\n<meta property=\"og:url\" content=\"https:\/\/vetalliance.cat\/es\/conocenos\/\" \/>\n<meta property=\"og:site_name\" content=\"VetAlliance\" \/>\n<meta property=\"article:modified_time\" content=\"2021-11-02T13:40:07+00:00\" \/>\n<meta property=\"og:image\" content=\"\/\/vetalliance.cat\/wp-content\/uploads\/2017\/06\/Marcelo-CabreraOK.jpg\" \/>\n<meta name=\"twitter:card\" content=\"summary\" \/>\n<meta name=\"twitter:label1\" content=\"Tiempo de lectura\" \/>\n\t<meta name=\"twitter:data1\" content=\"2 minutos\" \/>\n<script type=\"application\/ld+json\" class=\"yoast-schema-graph\">{\"@context\":\"https:\/\/schema.org\",\"@graph\":[{\"@type\":\"WebSite\",\"@id\":\"https:\/\/vetalliance.cat\/es\/#website\",\"url\":\"https:\/\/vetalliance.cat\/es\/\",\"name\":\"VetAlliance\",\"description\":\"Clinica Veterinaria Badalona\",\"potentialAction\":[{\"@type\":\"SearchAction\",\"target\":{\"@type\":\"EntryPoint\",\"urlTemplate\":\"https:\/\/vetalliance.cat\/es\/?s={search_term_string}\"},\"query-input\":\"required name=search_term_string\"}],\"inLanguage\":\"es\"},{\"@type\":\"ImageObject\",\"@id\":\"https:\/\/vetalliance.cat\/es\/conocenos\/#primaryimage\",\"inLanguage\":\"es\",\"url\":\"\/\/vetalliance.cat\/wp-content\/uploads\/2017\/06\/Marcelo-CabreraOK.jpg\",\"contentUrl\":\"\/\/vetalliance.cat\/wp-content\/uploads\/2017\/06\/Marcelo-CabreraOK.jpg\"},{\"@type\":\"WebPage\",\"@id\":\"https:\/\/vetalliance.cat\/es\/conocenos\/#webpage\",\"url\":\"https:\/\/vetalliance.cat\/es\/conocenos\/\",\"name\":\"Con\\u00f3cenos - VetAlliance\",\"isPartOf\":{\"@id\":\"https:\/\/vetalliance.cat\/es\/#website\"},\"primaryImageOfPage\":{\"@id\":\"https:\/\/vetalliance.cat\/es\/conocenos\/#primaryimage\"},\"datePublished\":\"2017-06-23T12:40:43+00:00\",\"dateModified\":\"2021-11-02T13:40:07+00:00\",\"breadcrumb\":{\"@id\":\"https:\/\/vetalliance.cat\/es\/conocenos\/#breadcrumb\"},\"inLanguage\":\"es\",\"potentialAction\":[{\"@type\":\"ReadAction\",\"target\":[\"https:\/\/vetalliance.cat\/es\/conocenos\/\"]}]},{\"@type\":\"BreadcrumbList\",\"@id\":\"https:\/\/vetalliance.cat\/es\/conocenos\/#breadcrumb\",\"itemListElement\":[{\"@type\":\"ListItem\",\"position\":1,\"name\":\"Portada\",\"item\":\"https:\/\/vetalliance.cat\/es\/\"},{\"@type\":\"ListItem\",\"position\":2,\"name\":\"Con\\u00f3cenos\"}]}]}<\/script>\n<!-- \/ Yoast SEO plugin. -->","yoast_head_json":{"title":"Con\u00f3cenos - VetAlliance","robots":{"index":"index","follow":"follow","max-snippet":"max-snippet:-1","max-image-preview":"max-image-preview:large","max-video-preview":"max-video-preview:-1"},"canonical":"https:\/\/vetalliance.cat\/es\/conocenos\/","og_locale":"es_ES","og_type":"article","og_title":"Con\u00f3cenos - VetAlliance","og_description":"Conoce al equipo Nuestro peque\u00f1o equipo est\u00e1 completamente comprometido con nuestros pacientes. Tenemos como primer objetivo dar un servicio de calidad excepcional y asequible al mismo tiempo. Sabemos de primera mano lo que es tener animales en casa y la importancia que tienen dentro de nuestra familia. Por eso siempre tenemos presente que dar una [&hellip;]","og_url":"https:\/\/vetalliance.cat\/es\/conocenos\/","og_site_name":"VetAlliance","article_modified_time":"2021-11-02T13:40:07+00:00","og_image":[{"url":"\/\/vetalliance.cat\/wp-content\/uploads\/2017\/06\/Marcelo-CabreraOK.jpg"}],"twitter_card":"summary","twitter_misc":{"Tiempo de lectura":"2 minutos"},"schema":{"@context":"https:\/\/schema.org","@graph":[{"@type":"WebSite","@id":"https:\/\/vetalliance.cat\/es\/#website","url":"https:\/\/vetalliance.cat\/es\/","name":"VetAlliance","description":"Clinica Veterinaria Badalona","potentialAction":[{"@type":"SearchAction","target":{"@type":"EntryPoint","urlTemplate":"https:\/\/vetalliance.cat\/es\/?s={search_term_string}"},"query-input":"required name=search_term_string"}],"inLanguage":"es"},{"@type":"ImageObject","@id":"https:\/\/vetalliance.cat\/es\/conocenos\/#primaryimage","inLanguage":"es","url":"\/\/vetalliance.cat\/wp-content\/uploads\/2017\/06\/Marcelo-CabreraOK.jpg","contentUrl":"\/\/vetalliance.cat\/wp-content\/uploads\/2017\/06\/Marcelo-CabreraOK.jpg"},{"@type":"WebPage","@id":"https:\/\/vetalliance.cat\/es\/conocenos\/#webpage","url":"https:\/\/vetalliance.cat\/es\/conocenos\/","name":"Con\u00f3cenos - VetAlliance","isPartOf":{"@id":"https:\/\/vetalliance.cat\/es\/#website"},"primaryImageOfPage":{"@id":"https:\/\/vetalliance.cat\/es\/conocenos\/#primaryimage"},"datePublished":"2017-06-23T12:40:43+00:00","dateModified":"2021-11-02T13:40:07+00:00","breadcrumb":{"@id":"https:\/\/vetalliance.cat\/es\/conocenos\/#breadcrumb"},"inLanguage":"es","potentialAction":[{"@type":"ReadAction","target":["https:\/\/vetalliance.cat\/es\/conocenos\/"]}]},{"@type":"BreadcrumbList","@id":"https:\/\/vetalliance.cat\/es\/conocenos\/#breadcrumb","itemListElement":[{"@type":"ListItem","position":1,"name":"Portada","item":"https:\/\/vetalliance.cat\/es\/"},{"@type":"ListItem","position":2,"name":"Con\u00f3cenos"}]}]}},"_links":{"self":[{"href":"https:\/\/vetalliance.cat\/es\/wp-json\/wp\/v2\/pages\/101"}],"collection":[{"href":"https:\/\/vetalliance.cat\/es\/wp-json\/wp\/v2\/pages"}],"about":[{"href":"https:\/\/vetalliance.cat\/es\/wp-json\/wp\/v2\/types\/page"}],"author":[{"embeddable":true,"href":"https:\/\/vetalliance.cat\/es\/wp-json\/wp\/v2\/users\/1"}],"replies":[{"embeddable":true,"href":"https:\/\/vetalliance.cat\/es\/wp-json\/wp\/v2\/comments?post=101"}],"version-history":[{"count":2,"href":"https:\/\/vetalliance.cat\/es\/wp-json\/wp\/v2\/pages\/101\/revisions"}],"predecessor-version":[{"id":718,"href":"https:\/\/vetalliance.cat\/es\/wp-json\/wp\/v2\/pages\/101\/revisions\/718"}],"wp:attachment":[{"href":"https:\/\/vetalliance.cat\/es\/wp-json\/wp\/v2\/media?parent=101"}],"curies":[{"name":"wp","href":"https:\/\/api.w.org\/{rel}","templated":true}]}}