{"id":103,"date":"2017-06-23T12:41:41","date_gmt":"2017-06-23T12:41:41","guid":{"rendered":"http:\/\/vetalliance.cat\/?page_id=103"},"modified":"2019-05-12T15:23:34","modified_gmt":"2019-05-12T15:23:34","slug":"servicios","status":"publish","type":"page","link":"https:\/\/vetalliance.cat\/es\/servicios\/","title":{"rendered":"Servicios"},"content":{"rendered":"<h1 style=\"margin-top: 30px !important; margin-bottom: 10px !important;\"><span style=\"font-size: 46px;\">Nuestros servicios<\/span><\/h1>\n<h2 style=\"text-align: center;\">Microchip y Pasaporte<\/h2>\n<p style=\"text-align: center;\">Por requerimiento legal todos los perros deben llevarlo y nosotros nos encargamos de todo por ti.<\/p>\n<h2 style=\"text-align: center;\">Diagn\u00f3stico por imagen<\/h2>\n<p style=\"text-align: center;\">Tu mascota no puede decirte qu\u00e9 le pasa y nosotros tenemos toda una serie de sistemas para averiguarlo.<\/p>\n<h2 style=\"text-align: center;\">Vacunaciones<\/h2>\n<p style=\"text-align: center;\">No hay nada peor que ver a tu mascota enferma y nosotros podemos prevenirlo con un buen calendario de vacunas.<\/p>\n<h2 style=\"text-align: center;\">Chequeos de salud<\/h2>\n<p style=\"text-align: center;\">Como parte de nuestro car\u00e1cter distintivo de prevenci\u00f3n, ofrecemos revisiones de salud regulares.<\/p>\n<p><span><img loading=\"lazy\" alt=\"\" style=\"width: 343px\" src=\"\/\/vetalliance.cat\/wp-content\/uploads\/2017\/06\/Screenshot-2017-06-28-14.39.13.png\" width=\"342\" height=\"462\" data-attachment-id=\"278\"><\/span><\/p>\n<h2 style=\"text-align: center;\">Laboratorio<\/h2>\n<p style=\"text-align: center;\">Podemos analizar diferentes muestras en nuestro centro para un diagn\u00f3stico r\u00e1pido y preciso.<\/p>\n<h2 style=\"text-align: center;\">Cirug\u00edas<\/h2>\n<p style=\"text-align: center;\">Llevamos a cabo desde las m\u00e1s rutinarias hasta las m\u00e1s complejas de las cirug\u00edas.<\/p>\n<p style=\"text-align: center;\">\n<h2 style=\"text-align: center;\">Desparasitaciones<\/h2>\n<p style=\"text-align: center;\">Ofrecemos una gama de tratamientos para que tu mejor amigo no sea el anfitri\u00f3n de estos molestos inquilinos.<\/p>\n<h2 style=\"text-align: center;\">Medicina de ex\u00f3ticos<\/h2>\n<p style=\"text-align: center;\">Estamos encantados de poder ayudarte y apoyarte si tu mascota es una animal ex\u00f3tico.<\/p>\n<p style=\"text-align: center;\">\n","protected":false},"excerpt":{"rendered":"<p>Nuestros servicios Microchip y Pasaporte Por requerimiento legal todos los perros deben llevarlo y nosotros nos encargamos de todo por ti. Diagn\u00f3stico por imagen Tu mascota no puede decirte qu\u00e9 le pasa y nosotros tenemos toda una serie de sistemas para averiguarlo. Vacunaciones No hay nada peor que ver a tu mascota enferma y nosotros [&hellip;]<\/p>\n","protected":false},"author":1,"featured_media":0,"parent":0,"menu_order":0,"comment_status":"closed","ping_status":"closed","template":"","meta":[],"yoast_head":"<!-- This site is optimized with the Yoast SEO plugin v17.5 - https:\/\/yoast.com\/wordpress\/plugins\/seo\/ -->\n<title>Servicios - VetAlliance<\/title>\n<meta name=\"robots\" content=\"index, follow, max-snippet:-1, max-image-preview:large, max-video-preview:-1\" \/>\n<link rel=\"canonical\" href=\"https:\/\/vetalliance.cat\/es\/servicios\/\" \/>\n<meta property=\"og:locale\" content=\"es_ES\" \/>\n<meta property=\"og:type\" content=\"article\" \/>\n<meta property=\"og:title\" content=\"Servicios - VetAlliance\" \/>\n<meta property=\"og:description\" content=\"Nuestros servicios Microchip y Pasaporte Por requerimiento legal todos los perros deben llevarlo y nosotros nos encargamos de todo por ti. Diagn\u00f3stico por imagen Tu mascota no puede decirte qu\u00e9 le pasa y nosotros tenemos toda una serie de sistemas para averiguarlo. Vacunaciones No hay nada peor que ver a tu mascota enferma y nosotros [&hellip;]\" \/>\n<meta property=\"og:url\" content=\"https:\/\/vetalliance.cat\/es\/servicios\/\" \/>\n<meta property=\"og:site_name\" content=\"VetAlliance\" \/>\n<meta property=\"article:modified_time\" content=\"2019-05-12T15:23:34+00:00\" \/>\n<meta property=\"og:image\" content=\"\/\/vetalliance.cat\/wp-content\/uploads\/2017\/06\/Screenshot-2017-06-28-14.39.13.png\" \/>\n<meta name=\"twitter:card\" content=\"summary\" \/>\n<meta name=\"twitter:label1\" content=\"Tiempo de lectura\" \/>\n\t<meta name=\"twitter:data1\" content=\"1 minuto\" \/>\n<script type=\"application\/ld+json\" class=\"yoast-schema-graph\">{\"@context\":\"https:\/\/schema.org\",\"@graph\":[{\"@type\":\"WebSite\",\"@id\":\"https:\/\/vetalliance.cat\/es\/#website\",\"url\":\"https:\/\/vetalliance.cat\/es\/\",\"name\":\"VetAlliance\",\"description\":\"Clinica Veterinaria Badalona\",\"potentialAction\":[{\"@type\":\"SearchAction\",\"target\":{\"@type\":\"EntryPoint\",\"urlTemplate\":\"https:\/\/vetalliance.cat\/es\/?s={search_term_string}\"},\"query-input\":\"required name=search_term_string\"}],\"inLanguage\":\"es\"},{\"@type\":\"ImageObject\",\"@id\":\"https:\/\/vetalliance.cat\/es\/servicios\/#primaryimage\",\"inLanguage\":\"es\",\"url\":\"\/\/vetalliance.cat\/wp-content\/uploads\/2017\/06\/Screenshot-2017-06-28-14.39.13.png\",\"contentUrl\":\"\/\/vetalliance.cat\/wp-content\/uploads\/2017\/06\/Screenshot-2017-06-28-14.39.13.png\"},{\"@type\":\"WebPage\",\"@id\":\"https:\/\/vetalliance.cat\/es\/servicios\/#webpage\",\"url\":\"https:\/\/vetalliance.cat\/es\/servicios\/\",\"name\":\"Servicios - VetAlliance\",\"isPartOf\":{\"@id\":\"https:\/\/vetalliance.cat\/es\/#website\"},\"primaryImageOfPage\":{\"@id\":\"https:\/\/vetalliance.cat\/es\/servicios\/#primaryimage\"},\"datePublished\":\"2017-06-23T12:41:41+00:00\",\"dateModified\":\"2019-05-12T15:23:34+00:00\",\"breadcrumb\":{\"@id\":\"https:\/\/vetalliance.cat\/es\/servicios\/#breadcrumb\"},\"inLanguage\":\"es\",\"potentialAction\":[{\"@type\":\"ReadAction\",\"target\":[\"https:\/\/vetalliance.cat\/es\/servicios\/\"]}]},{\"@type\":\"BreadcrumbList\",\"@id\":\"https:\/\/vetalliance.cat\/es\/servicios\/#breadcrumb\",\"itemListElement\":[{\"@type\":\"ListItem\",\"position\":1,\"name\":\"Portada\",\"item\":\"https:\/\/vetalliance.cat\/es\/\"},{\"@type\":\"ListItem\",\"position\":2,\"name\":\"Servicios\"}]}]}<\/script>\n<!-- \/ Yoast SEO plugin. -->","yoast_head_json":{"title":"Servicios - VetAlliance","robots":{"index":"index","follow":"follow","max-snippet":"max-snippet:-1","max-image-preview":"max-image-preview:large","max-video-preview":"max-video-preview:-1"},"canonical":"https:\/\/vetalliance.cat\/es\/servicios\/","og_locale":"es_ES","og_type":"article","og_title":"Servicios - VetAlliance","og_description":"Nuestros servicios Microchip y Pasaporte Por requerimiento legal todos los perros deben llevarlo y nosotros nos encargamos de todo por ti. Diagn\u00f3stico por imagen Tu mascota no puede decirte qu\u00e9 le pasa y nosotros tenemos toda una serie de sistemas para averiguarlo. Vacunaciones No hay nada peor que ver a tu mascota enferma y nosotros [&hellip;]","og_url":"https:\/\/vetalliance.cat\/es\/servicios\/","og_site_name":"VetAlliance","article_modified_time":"2019-05-12T15:23:34+00:00","og_image":[{"url":"\/\/vetalliance.cat\/wp-content\/uploads\/2017\/06\/Screenshot-2017-06-28-14.39.13.png"}],"twitter_card":"summary","twitter_misc":{"Tiempo de lectura":"1 minuto"},"schema":{"@context":"https:\/\/schema.org","@graph":[{"@type":"WebSite","@id":"https:\/\/vetalliance.cat\/es\/#website","url":"https:\/\/vetalliance.cat\/es\/","name":"VetAlliance","description":"Clinica Veterinaria Badalona","potentialAction":[{"@type":"SearchAction","target":{"@type":"EntryPoint","urlTemplate":"https:\/\/vetalliance.cat\/es\/?s={search_term_string}"},"query-input":"required name=search_term_string"}],"inLanguage":"es"},{"@type":"ImageObject","@id":"https:\/\/vetalliance.cat\/es\/servicios\/#primaryimage","inLanguage":"es","url":"\/\/vetalliance.cat\/wp-content\/uploads\/2017\/06\/Screenshot-2017-06-28-14.39.13.png","contentUrl":"\/\/vetalliance.cat\/wp-content\/uploads\/2017\/06\/Screenshot-2017-06-28-14.39.13.png"},{"@type":"WebPage","@id":"https:\/\/vetalliance.cat\/es\/servicios\/#webpage","url":"https:\/\/vetalliance.cat\/es\/servicios\/","name":"Servicios - VetAlliance","isPartOf":{"@id":"https:\/\/vetalliance.cat\/es\/#website"},"primaryImageOfPage":{"@id":"https:\/\/vetalliance.cat\/es\/servicios\/#primaryimage"},"datePublished":"2017-06-23T12:41:41+00:00","dateModified":"2019-05-12T15:23:34+00:00","breadcrumb":{"@id":"https:\/\/vetalliance.cat\/es\/servicios\/#breadcrumb"},"inLanguage":"es","potentialAction":[{"@type":"ReadAction","target":["https:\/\/vetalliance.cat\/es\/servicios\/"]}]},{"@type":"BreadcrumbList","@id":"https:\/\/vetalliance.cat\/es\/servicios\/#breadcrumb","itemListElement":[{"@type":"ListItem","position":1,"name":"Portada","item":"https:\/\/vetalliance.cat\/es\/"},{"@type":"ListItem","position":2,"name":"Servicios"}]}]}},"_links":{"self":[{"href":"https:\/\/vetalliance.cat\/es\/wp-json\/wp\/v2\/pages\/103"}],"collection":[{"href":"https:\/\/vetalliance.cat\/es\/wp-json\/wp\/v2\/pages"}],"about":[{"href":"https:\/\/vetalliance.cat\/es\/wp-json\/wp\/v2\/types\/page"}],"author":[{"embeddable":true,"href":"https:\/\/vetalliance.cat\/es\/wp-json\/wp\/v2\/users\/1"}],"replies":[{"embeddable":true,"href":"https:\/\/vetalliance.cat\/es\/wp-json\/wp\/v2\/comments?post=103"}],"version-history":[{"count":1,"href":"https:\/\/vetalliance.cat\/es\/wp-json\/wp\/v2\/pages\/103\/revisions"}],"predecessor-version":[{"id":497,"href":"https:\/\/vetalliance.cat\/es\/wp-json\/wp\/v2\/pages\/103\/revisions\/497"}],"wp:attachment":[{"href":"https:\/\/vetalliance.cat\/es\/wp-json\/wp\/v2\/media?parent=103"}],"curies":[{"name":"wp","href":"https:\/\/api.w.org\/{rel}","templated":true}]}}