{"id":108,"date":"2017-06-23T13:01:24","date_gmt":"2017-06-23T13:01:24","guid":{"rendered":"http:\/\/vetalliance.cat\/?page_id=108"},"modified":"2019-05-12T19:08:55","modified_gmt":"2019-05-12T19:08:55","slug":"instalaciones","status":"publish","type":"page","link":"https:\/\/vetalliance.cat\/es\/instalaciones\/","title":{"rendered":"Instalaciones"},"content":{"rendered":"<h1 style=\"color: rgb(244, 244, 244); margin-bottom: 10px !important; font-size: 46px;\"><span style=\"font-size: 46px;\">Nuestras instalaciones<\/span><\/h1>\n<p><span><img loading=\"lazy\" alt=\"\" style=\"width: 512px;\" src=\"\/\/vetalliance.cat\/wp-content\/uploads\/2017\/06\/Bienvenido-a-Vetalinace.jpg\" width=\"300\" height=\"210\" data-attachment-id=\"228\"><\/span><\/p>\n<h2 style=\"font-size: 41px;\">Bienvenidos<\/h2>\n<p>Entendemos Vetalliance como un concepto de veterinaria completamente nuevo: no solo los gatos y los perros tienen aqu\u00ed su lugar, sino que tambi\u00e9n lo tienen los animales ex\u00f3ticos.<\/p>\n<p>En Vetallinace nos esforzamos constantemente en tener las mejores instalaciones con tal de dar el servicio que sabemos que nuestros pacientes se merecen. El poder ayudar a tu compa\u00f1ero o compa\u00f1era y hacer que se sienta a gusto es una de nuestras prioridades.<\/p>\n<h2 style=\"font-size: 41px;\">Nuestra consulta<\/h2>\n<p>Nuestras consultas modernas transmiten serenidad para que tu amigo se sienta c\u00f3modo con nosotros.<\/p>\n<p>Dise\u00f1adas con mucho cuidado, cada una de ellas cuenta con todas las herramientas necesarias para tener la primera toma de contacto.Aqu\u00ed, nuestro equipo tiene a su disposici\u00f3n las condiciones y equipo necesario para dar el mejor servicio posible, siempre dentro de una \u00e1rea limpia, profesional y ordenada.<\/p>\n<p><span><img loading=\"lazy\" alt=\"\" style=\"width: 512px\" src=\"\/\/vetalliance.cat\/wp-content\/uploads\/2017\/06\/Nuestra-consulta-Vetalliance.jpg\" width=\"512\" height=\"352\" data-attachment-id=\"231\"><\/span><span><img loading=\"lazy\" alt=\"\" style=\"width: 512px\" src=\"\/\/vetalliance.cat\/wp-content\/uploads\/2017\/06\/Diagno\u0301stico-por-imagen-Vetalliance.jpg\" width=\"512\" height=\"345\" data-attachment-id=\"229\"><\/span><\/p>\n<h2 style=\"font-size: 41px;\">Diagn\u00f3stico por imagen<\/h2>\n<p>Nuestros equipos nos permiten tener resultados r\u00e1pidos para poder acelerar el diagn\u00f3stico y tratamiento.<\/p>\n<p>As\u00ed, estos equipos nos permiten indagar qu\u00e9 pasa debajo de la piel de tu amigo.Es de suma importancia saberlo y es vital para saber qu\u00e9 tratamiento se deber\u00e1 aplicar.<\/p>\n<h2 style=\"font-size: 41px;\">Area Quir\u00fargica<\/h2>\n<p>Todas las cirug\u00edas de llevan a cabo en condiciones 100% higi\u00e9nicas a mano de nuestro equipo.<\/p>\n<p>Sabemos que el simple hecho de dejar a yu mascota con nuestro equipo de especialistas para una cirug\u00eda crea mucha ansiedad y es un momento muy tenso. Es por esta raz\u00f3n por la que nuestras \u00e1reas quir\u00fargicas cuentan con el mejor equipo y siempre intentamos reducir el tiempo de separaci\u00f3n entre vosotros dos.<\/p>\n<p><span><img loading=\"lazy\" alt=\"\" style=\"width: 512px\" src=\"\/\/vetalliance.cat\/wp-content\/uploads\/2017\/06\/Area-Quirurgica-Vetalliance.jpg\" width=\"512\" height=\"347\" data-attachment-id=\"227\"><\/span><span><img loading=\"lazy\" alt=\"\" style=\"width: 512px\" src=\"\/\/vetalliance.cat\/wp-content\/uploads\/2017\/06\/Laboratorio-Vetalliance.jpg\" width=\"512\" height=\"323\" data-attachment-id=\"230\"><\/span><\/p>\n<h2 style=\"font-size: 41px;\">Laboratorio<\/h2>\n<p>Nuestro laboratorio est\u00e1 equipado con tecnolog\u00eda puntera que nos permite practicar diferentes tipos de pruebas.<\/p>\n<p>Estamos siempre a punto e intentamos llevar a t\u00e9rmino todas las pruebas de laboratorio lo m\u00e1s r\u00e1pido posible. <\/p>\n<p>Tener el equipo de tecnolog\u00eda puntera con el que contamos hace mucho m\u00e1s f\u00e1cil nuestra labor de investigaci\u00f3n y de diagn\u00f3stico, as\u00ed como nuestro personal que lo usa.<\/p>\n<p><a href=\"https:\/\/www.google.co.uk\/maps\/uv?hl=en&amp;pb=!1s0x12a4bb12cd179cdf%3A0xe3b747f31b615a3e!2m17!8m2!1m1!1e2!16m13!1b1!2m2!1m1!1e1!2m2!1m1!1e3!2m2!1m1!1e4!2m2!1m1!1e5!3m1!7e115!4s%2F%2Flh3.googleusercontent.com%2Fproxy%2F3sFJ2h0Z-42Gg5gtYLVNudl6ZdZ2iEE612x8w-cJi2lPiAvbnypzRfqN_qy9XPA8aUsbk_PRsverSr8C0EWGfkgJhwi8VJobkVab5JtZagpjzx5eo633oJOlB38lbYftr9JWA2aDPI0_rwrRIWFkMZYEib5ZJyAsKoR5%3Dw240-h160-k-no&amp;imagekey=!1e2!2s78MJ4mHkEb8AAAQqhCFLrw&amp;sa=X&amp;ved=0ahUKEwis7Zy0wt7UAhURKVAKHdPDASMQoioIbzAK&amp;activetab=panorama\" target=\"_blank\" rel=\"nofollow noopener noreferrer\" style=\"font-size: 18px; line-height: 18px;\"><span><span><\/span><\/span><span>VER TOUR VIRTUAL<\/span><\/a><\/p>\n","protected":false},"excerpt":{"rendered":"<p>Nuestras instalaciones Bienvenidos Entendemos Vetalliance como un concepto de veterinaria completamente nuevo: no solo los gatos y los perros tienen aqu\u00ed su lugar, sino que tambi\u00e9n lo tienen los animales ex\u00f3ticos. En Vetallinace nos esforzamos constantemente en tener las mejores instalaciones con tal de dar el servicio que sabemos que nuestros pacientes se merecen. El [&hellip;]<\/p>\n","protected":false},"author":1,"featured_media":0,"parent":0,"menu_order":0,"comment_status":"closed","ping_status":"closed","template":"","meta":[],"yoast_head":"<!-- This site is optimized with the Yoast SEO plugin v17.5 - https:\/\/yoast.com\/wordpress\/plugins\/seo\/ -->\n<title>Instalaciones - VetAlliance<\/title>\n<meta name=\"robots\" content=\"index, follow, max-snippet:-1, max-image-preview:large, max-video-preview:-1\" \/>\n<link rel=\"canonical\" href=\"https:\/\/vetalliance.cat\/es\/instalaciones\/\" \/>\n<meta property=\"og:locale\" content=\"es_ES\" \/>\n<meta property=\"og:type\" content=\"article\" \/>\n<meta property=\"og:title\" content=\"Instalaciones - VetAlliance\" \/>\n<meta property=\"og:description\" content=\"Nuestras instalaciones Bienvenidos Entendemos Vetalliance como un concepto de veterinaria completamente nuevo: no solo los gatos y los perros tienen aqu\u00ed su lugar, sino que tambi\u00e9n lo tienen los animales ex\u00f3ticos. En Vetallinace nos esforzamos constantemente en tener las mejores instalaciones con tal de dar el servicio que sabemos que nuestros pacientes se merecen. El [&hellip;]\" \/>\n<meta property=\"og:url\" content=\"https:\/\/vetalliance.cat\/es\/instalaciones\/\" \/>\n<meta property=\"og:site_name\" content=\"VetAlliance\" \/>\n<meta property=\"article:modified_time\" content=\"2019-05-12T19:08:55+00:00\" \/>\n<meta property=\"og:image\" content=\"\/\/vetalliance.cat\/wp-content\/uploads\/2017\/06\/Bienvenido-a-Vetalinace.jpg\" \/>\n<meta name=\"twitter:card\" content=\"summary\" \/>\n<meta name=\"twitter:label1\" content=\"Tiempo de lectura\" \/>\n\t<meta name=\"twitter:data1\" content=\"2 minutos\" \/>\n<script type=\"application\/ld+json\" class=\"yoast-schema-graph\">{\"@context\":\"https:\/\/schema.org\",\"@graph\":[{\"@type\":\"WebSite\",\"@id\":\"https:\/\/vetalliance.cat\/es\/#website\",\"url\":\"https:\/\/vetalliance.cat\/es\/\",\"name\":\"VetAlliance\",\"description\":\"Clinica Veterinaria Badalona\",\"potentialAction\":[{\"@type\":\"SearchAction\",\"target\":{\"@type\":\"EntryPoint\",\"urlTemplate\":\"https:\/\/vetalliance.cat\/es\/?s={search_term_string}\"},\"query-input\":\"required name=search_term_string\"}],\"inLanguage\":\"es\"},{\"@type\":\"ImageObject\",\"@id\":\"https:\/\/vetalliance.cat\/es\/instalaciones\/#primaryimage\",\"inLanguage\":\"es\",\"url\":\"\/\/vetalliance.cat\/wp-content\/uploads\/2017\/06\/Bienvenido-a-Vetalinace.jpg\",\"contentUrl\":\"\/\/vetalliance.cat\/wp-content\/uploads\/2017\/06\/Bienvenido-a-Vetalinace.jpg\"},{\"@type\":\"WebPage\",\"@id\":\"https:\/\/vetalliance.cat\/es\/instalaciones\/#webpage\",\"url\":\"https:\/\/vetalliance.cat\/es\/instalaciones\/\",\"name\":\"Instalaciones - VetAlliance\",\"isPartOf\":{\"@id\":\"https:\/\/vetalliance.cat\/es\/#website\"},\"primaryImageOfPage\":{\"@id\":\"https:\/\/vetalliance.cat\/es\/instalaciones\/#primaryimage\"},\"datePublished\":\"2017-06-23T13:01:24+00:00\",\"dateModified\":\"2019-05-12T19:08:55+00:00\",\"breadcrumb\":{\"@id\":\"https:\/\/vetalliance.cat\/es\/instalaciones\/#breadcrumb\"},\"inLanguage\":\"es\",\"potentialAction\":[{\"@type\":\"ReadAction\",\"target\":[\"https:\/\/vetalliance.cat\/es\/instalaciones\/\"]}]},{\"@type\":\"BreadcrumbList\",\"@id\":\"https:\/\/vetalliance.cat\/es\/instalaciones\/#breadcrumb\",\"itemListElement\":[{\"@type\":\"ListItem\",\"position\":1,\"name\":\"Portada\",\"item\":\"https:\/\/vetalliance.cat\/es\/\"},{\"@type\":\"ListItem\",\"position\":2,\"name\":\"Instalaciones\"}]}]}<\/script>\n<!-- \/ Yoast SEO plugin. -->","yoast_head_json":{"title":"Instalaciones - VetAlliance","robots":{"index":"index","follow":"follow","max-snippet":"max-snippet:-1","max-image-preview":"max-image-preview:large","max-video-preview":"max-video-preview:-1"},"canonical":"https:\/\/vetalliance.cat\/es\/instalaciones\/","og_locale":"es_ES","og_type":"article","og_title":"Instalaciones - VetAlliance","og_description":"Nuestras instalaciones Bienvenidos Entendemos Vetalliance como un concepto de veterinaria completamente nuevo: no solo los gatos y los perros tienen aqu\u00ed su lugar, sino que tambi\u00e9n lo tienen los animales ex\u00f3ticos. En Vetallinace nos esforzamos constantemente en tener las mejores instalaciones con tal de dar el servicio que sabemos que nuestros pacientes se merecen. El [&hellip;]","og_url":"https:\/\/vetalliance.cat\/es\/instalaciones\/","og_site_name":"VetAlliance","article_modified_time":"2019-05-12T19:08:55+00:00","og_image":[{"url":"\/\/vetalliance.cat\/wp-content\/uploads\/2017\/06\/Bienvenido-a-Vetalinace.jpg"}],"twitter_card":"summary","twitter_misc":{"Tiempo de lectura":"2 minutos"},"schema":{"@context":"https:\/\/schema.org","@graph":[{"@type":"WebSite","@id":"https:\/\/vetalliance.cat\/es\/#website","url":"https:\/\/vetalliance.cat\/es\/","name":"VetAlliance","description":"Clinica Veterinaria Badalona","potentialAction":[{"@type":"SearchAction","target":{"@type":"EntryPoint","urlTemplate":"https:\/\/vetalliance.cat\/es\/?s={search_term_string}"},"query-input":"required name=search_term_string"}],"inLanguage":"es"},{"@type":"ImageObject","@id":"https:\/\/vetalliance.cat\/es\/instalaciones\/#primaryimage","inLanguage":"es","url":"\/\/vetalliance.cat\/wp-content\/uploads\/2017\/06\/Bienvenido-a-Vetalinace.jpg","contentUrl":"\/\/vetalliance.cat\/wp-content\/uploads\/2017\/06\/Bienvenido-a-Vetalinace.jpg"},{"@type":"WebPage","@id":"https:\/\/vetalliance.cat\/es\/instalaciones\/#webpage","url":"https:\/\/vetalliance.cat\/es\/instalaciones\/","name":"Instalaciones - VetAlliance","isPartOf":{"@id":"https:\/\/vetalliance.cat\/es\/#website"},"primaryImageOfPage":{"@id":"https:\/\/vetalliance.cat\/es\/instalaciones\/#primaryimage"},"datePublished":"2017-06-23T13:01:24+00:00","dateModified":"2019-05-12T19:08:55+00:00","breadcrumb":{"@id":"https:\/\/vetalliance.cat\/es\/instalaciones\/#breadcrumb"},"inLanguage":"es","potentialAction":[{"@type":"ReadAction","target":["https:\/\/vetalliance.cat\/es\/instalaciones\/"]}]},{"@type":"BreadcrumbList","@id":"https:\/\/vetalliance.cat\/es\/instalaciones\/#breadcrumb","itemListElement":[{"@type":"ListItem","position":1,"name":"Portada","item":"https:\/\/vetalliance.cat\/es\/"},{"@type":"ListItem","position":2,"name":"Instalaciones"}]}]}},"_links":{"self":[{"href":"https:\/\/vetalliance.cat\/es\/wp-json\/wp\/v2\/pages\/108"}],"collection":[{"href":"https:\/\/vetalliance.cat\/es\/wp-json\/wp\/v2\/pages"}],"about":[{"href":"https:\/\/vetalliance.cat\/es\/wp-json\/wp\/v2\/types\/page"}],"author":[{"embeddable":true,"href":"https:\/\/vetalliance.cat\/es\/wp-json\/wp\/v2\/users\/1"}],"replies":[{"embeddable":true,"href":"https:\/\/vetalliance.cat\/es\/wp-json\/wp\/v2\/comments?post=108"}],"version-history":[{"count":1,"href":"https:\/\/vetalliance.cat\/es\/wp-json\/wp\/v2\/pages\/108\/revisions"}],"predecessor-version":[{"id":677,"href":"https:\/\/vetalliance.cat\/es\/wp-json\/wp\/v2\/pages\/108\/revisions\/677"}],"wp:attachment":[{"href":"https:\/\/vetalliance.cat\/es\/wp-json\/wp\/v2\/media?parent=108"}],"curies":[{"name":"wp","href":"https:\/\/api.w.org\/{rel}","templated":true}]}}