{"id":21,"date":"2017-06-22T09:08:09","date_gmt":"2017-06-22T09:08:09","guid":{"rendered":"http:\/\/vetalliance.cat\/?page_id=21"},"modified":"2019-05-12T11:31:55","modified_gmt":"2019-05-12T11:31:55","slug":"politica-de-privacidad","status":"publish","type":"page","link":"https:\/\/vetalliance.cat\/es\/politica-de-privacidad\/","title":{"rendered":"Pol\u00edtica de Privacidad"},"content":{"rendered":"<p style=\"font-size: 18px;\">\n<h1>Pol\u00edtica de privacidad<\/h1>\n<p>1. USO Y TRATAMIENTO DE DATOS DE CAR\u00c1CTER PERSONAL<\/p>\n<p>New Veterinary Group S.L. le informa que los datos de car\u00e1cter personal que pudieran proporcionarse, a trav\u00e9s del website, as\u00ed como los que pudiera facilitar en el futuro en el marco de su relaci\u00f3n jur\u00eddica con esta entidad, ser\u00e1n incorporados en los ficheros titularidad de New Veterinary Group S.L., cuyos datos constan en el encabezamiento.Estos ficheros tienen la finalidad de gestionar, administrar, prestarle los servicios o facilitarle los productos que solicite, y en su caso, para el cumplimiento y ejecuci\u00f3n de los contratos que pudiera celebrar, conocer mejor sus gustos, adecuar los servicios a sus preferencias, as\u00ed como poder ofrecerle nuevos servicios o productos y enviarle informaci\u00f3n relacionada con las actividades de New Veterinary Group S.L., a trav\u00e9s de cualquier medio, incluso el electr\u00f3nico. Los destinatarios de la informaci\u00f3n recogida ser\u00e1n, principalmente, los empleados de New Veterinary Group S.L.<\/p>\n<p>Salvo en los campos en que expresamente se determine lo contrario por medio de un asterisco (*), las respuestas a las preguntas sobre datos personales son voluntarias, sin que la falta de contestaci\u00f3n a dichas preguntas implique una merma en la calidad de los servicios que Usted solicita. La falta de cumplimentaci\u00f3n de los campos determinados como obligatorios o el suministro de datos incorrectos imposibilitar\u00e1 que New Veterinary Group S.L. pueda prestarle los servicios o le facilite los productos que solicite.El consentimiento otorgado para el tratamiento de sus datos personales, puede ser revocado en cualquier momento, dirigi\u00e9ndose a la direcci\u00f3n de info@vetalliance.cat<\/p>\n<p>Los usuarios garantizan y responden, en cualquier caso, de la exactitud, vigencia y autenticidad de los datos personales facilitados y se comprometen a mantenerlos debidamente actualizados.<\/p>\n<p>2. EJERCICIO DE DERECHOS: ACCESO, RECTIFICACI\u00d3N, CANCELACI\u00d3N Y OPOSICI\u00d3N<\/p>\n<p>Aquellas personas f\u00edsicas que hayan facilitado sus datos a New Veterinary Group S.L. podr\u00e1n ejercitar gratuitamente los derechos de acceso, rectificaci\u00f3n, cancelaci\u00f3n y oposici\u00f3n respecto de los datos incorporados en los ficheros de New Veterinary Group S.L. Dado el car\u00e1cter confidencial de la informaci\u00f3n, Vd. no podr\u00e1 ejercitar sus derechos telef\u00f3nicamente, lo debe solicitar por cualquier medio que deje constancia de su env\u00edo y de su recepci\u00f3n y remitir copia de su DNI o documento equivalente. El interesado podr\u00e1 ejercitar sus derechos mediante comunicaci\u00f3n por escrito dirigida a info@vetalliance.cat&nbsp;<\/p>\n<p>3. MEDIDAS DE SEGURIDAD<\/p>\n<p>New Veterinary Group S.L. le informa que tiene implantadas las medidas de seguridad de \u00edndole t\u00e9cnica y organizativas necesarias para garantizar la seguridad de sus datos de car\u00e1cter personal y evitar su alteraci\u00f3n, p\u00e9rdida y tratamiento y\/o acceso no autorizado, habida cuenta del estado de la tecnolog\u00eda, la naturaleza de los datos almacenados y los riesgos a que est\u00e1n expuestos, ya provengan de la acci\u00f3n humana o del medio f\u00edsico o natural.El usuario debe ser consciente de que las medidas de seguridad en Internet no son inexpugnables y enteramente fiables y que New Veterinary Group S.L. no puede garantizar la inexistencia de virus u otros elementos que pudieran producir alteraciones en los sistemas inform\u00e1ticos (software y hardware) del usuario.<\/p>\n<p>4. MENORES DE EDAD<\/p>\n<p>En el supuesto que alguno de los servicios y productos vayan dirigidos a menores de 14 a\u00f1os. New Veterinary Group S.L. solicitar\u00e1 el consentimiento de los padres o tutores para la recogida de los datos personales del menor. New Veterinary Group S.L. no responde de aquellos datos de menores que sin poder conocer New Veterinary Group S.L. este hecho se haya facilitado sin el consentimiento de los padres o tutores.<\/p>\n<p>5. MODIFICACI\u00d3N DE LA POL\u00cdTICA DE PRIVACIDAD<\/p>\n<p>New Veterinary Group S.L. se reserva el derecho a modificar su Pol\u00edtica de Privacidad, de acuerdo a su propio criterio, o motivado por un cambio doctrinal de la Autoridad competente en Protecci\u00f3n de Datos, legislativo o jurisprudencial. Cualquier modificaci\u00f3n de la Pol\u00edtica de Privacidad ser\u00e1 publicada, antes de su efectiva aplicaci\u00f3n. El uso de la Web despu\u00e9s de dichos cambios, implicar\u00e1 la aceptaci\u00f3n de \u00e9stos.<\/p>\n<p>6. LEGISLACI\u00d3N APLICABLE<\/p>\n<p>Cualquier controversia que se derive del uso de este site, ser\u00e1 regida, interpretada y sometida de acuerdo con las leyes de Espa\u00f1a.<\/p>\n","protected":false},"excerpt":{"rendered":"<p>Pol\u00edtica de privacidad 1. USO Y TRATAMIENTO DE DATOS DE CAR\u00c1CTER PERSONAL New Veterinary Group S.L. le informa que los datos de car\u00e1cter personal que pudieran proporcionarse, a trav\u00e9s del website, as\u00ed como los que pudiera facilitar en el futuro en el marco de su relaci\u00f3n jur\u00eddica con esta entidad, ser\u00e1n incorporados en los ficheros [&hellip;]<\/p>\n","protected":false},"author":1,"featured_media":0,"parent":0,"menu_order":0,"comment_status":"closed","ping_status":"closed","template":"","meta":[],"yoast_head":"<!-- This site is optimized with the Yoast SEO plugin v17.5 - https:\/\/yoast.com\/wordpress\/plugins\/seo\/ -->\n<title>Pol\u00edtica de Privacidad - VetAlliance<\/title>\n<meta name=\"robots\" content=\"noindex, follow\" \/>\n<meta property=\"og:locale\" content=\"es_ES\" \/>\n<meta property=\"og:type\" content=\"article\" \/>\n<meta property=\"og:title\" content=\"Pol\u00edtica de Privacidad - VetAlliance\" \/>\n<meta property=\"og:description\" content=\"Pol\u00edtica de privacidad 1. USO Y TRATAMIENTO DE DATOS DE CAR\u00c1CTER PERSONAL New Veterinary Group S.L. le informa que los datos de car\u00e1cter personal que pudieran proporcionarse, a trav\u00e9s del website, as\u00ed como los que pudiera facilitar en el futuro en el marco de su relaci\u00f3n jur\u00eddica con esta entidad, ser\u00e1n incorporados en los ficheros [&hellip;]\" \/>\n<meta property=\"og:url\" content=\"https:\/\/vetalliance.cat\/es\/politica-de-privacidad\/\" \/>\n<meta property=\"og:site_name\" content=\"VetAlliance\" \/>\n<meta property=\"article:modified_time\" content=\"2019-05-12T11:31:55+00:00\" \/>\n<meta name=\"twitter:card\" content=\"summary\" \/>\n<meta name=\"twitter:label1\" content=\"Tiempo de lectura\" \/>\n\t<meta name=\"twitter:data1\" content=\"4 minutos\" \/>\n<script type=\"application\/ld+json\" class=\"yoast-schema-graph\">{\"@context\":\"https:\/\/schema.org\",\"@graph\":[{\"@type\":\"WebSite\",\"@id\":\"https:\/\/vetalliance.cat\/es\/#website\",\"url\":\"https:\/\/vetalliance.cat\/es\/\",\"name\":\"VetAlliance\",\"description\":\"Clinica Veterinaria Badalona\",\"potentialAction\":[{\"@type\":\"SearchAction\",\"target\":{\"@type\":\"EntryPoint\",\"urlTemplate\":\"https:\/\/vetalliance.cat\/es\/?s={search_term_string}\"},\"query-input\":\"required name=search_term_string\"}],\"inLanguage\":\"es\"},{\"@type\":\"WebPage\",\"@id\":\"https:\/\/vetalliance.cat\/es\/politica-de-privacidad\/#webpage\",\"url\":\"https:\/\/vetalliance.cat\/es\/politica-de-privacidad\/\",\"name\":\"Pol\\u00edtica de Privacidad - VetAlliance\",\"isPartOf\":{\"@id\":\"https:\/\/vetalliance.cat\/es\/#website\"},\"datePublished\":\"2017-06-22T09:08:09+00:00\",\"dateModified\":\"2019-05-12T11:31:55+00:00\",\"breadcrumb\":{\"@id\":\"https:\/\/vetalliance.cat\/es\/politica-de-privacidad\/#breadcrumb\"},\"inLanguage\":\"es\",\"potentialAction\":[{\"@type\":\"ReadAction\",\"target\":[\"https:\/\/vetalliance.cat\/es\/politica-de-privacidad\/\"]}]},{\"@type\":\"BreadcrumbList\",\"@id\":\"https:\/\/vetalliance.cat\/es\/politica-de-privacidad\/#breadcrumb\",\"itemListElement\":[{\"@type\":\"ListItem\",\"position\":1,\"name\":\"Portada\",\"item\":\"https:\/\/vetalliance.cat\/es\/\"},{\"@type\":\"ListItem\",\"position\":2,\"name\":\"Pol\\u00edtica de Privacidad\"}]}]}<\/script>\n<!-- \/ Yoast SEO plugin. -->","yoast_head_json":{"title":"Pol\u00edtica de Privacidad - VetAlliance","robots":{"index":"noindex","follow":"follow"},"og_locale":"es_ES","og_type":"article","og_title":"Pol\u00edtica de Privacidad - VetAlliance","og_description":"Pol\u00edtica de privacidad 1. USO Y TRATAMIENTO DE DATOS DE CAR\u00c1CTER PERSONAL New Veterinary Group S.L. le informa que los datos de car\u00e1cter personal que pudieran proporcionarse, a trav\u00e9s del website, as\u00ed como los que pudiera facilitar en el futuro en el marco de su relaci\u00f3n jur\u00eddica con esta entidad, ser\u00e1n incorporados en los ficheros [&hellip;]","og_url":"https:\/\/vetalliance.cat\/es\/politica-de-privacidad\/","og_site_name":"VetAlliance","article_modified_time":"2019-05-12T11:31:55+00:00","twitter_card":"summary","twitter_misc":{"Tiempo de lectura":"4 minutos"},"schema":{"@context":"https:\/\/schema.org","@graph":[{"@type":"WebSite","@id":"https:\/\/vetalliance.cat\/es\/#website","url":"https:\/\/vetalliance.cat\/es\/","name":"VetAlliance","description":"Clinica Veterinaria Badalona","potentialAction":[{"@type":"SearchAction","target":{"@type":"EntryPoint","urlTemplate":"https:\/\/vetalliance.cat\/es\/?s={search_term_string}"},"query-input":"required name=search_term_string"}],"inLanguage":"es"},{"@type":"WebPage","@id":"https:\/\/vetalliance.cat\/es\/politica-de-privacidad\/#webpage","url":"https:\/\/vetalliance.cat\/es\/politica-de-privacidad\/","name":"Pol\u00edtica de Privacidad - VetAlliance","isPartOf":{"@id":"https:\/\/vetalliance.cat\/es\/#website"},"datePublished":"2017-06-22T09:08:09+00:00","dateModified":"2019-05-12T11:31:55+00:00","breadcrumb":{"@id":"https:\/\/vetalliance.cat\/es\/politica-de-privacidad\/#breadcrumb"},"inLanguage":"es","potentialAction":[{"@type":"ReadAction","target":["https:\/\/vetalliance.cat\/es\/politica-de-privacidad\/"]}]},{"@type":"BreadcrumbList","@id":"https:\/\/vetalliance.cat\/es\/politica-de-privacidad\/#breadcrumb","itemListElement":[{"@type":"ListItem","position":1,"name":"Portada","item":"https:\/\/vetalliance.cat\/es\/"},{"@type":"ListItem","position":2,"name":"Pol\u00edtica de Privacidad"}]}]}},"_links":{"self":[{"href":"https:\/\/vetalliance.cat\/es\/wp-json\/wp\/v2\/pages\/21"}],"collection":[{"href":"https:\/\/vetalliance.cat\/es\/wp-json\/wp\/v2\/pages"}],"about":[{"href":"https:\/\/vetalliance.cat\/es\/wp-json\/wp\/v2\/types\/page"}],"author":[{"embeddable":true,"href":"https:\/\/vetalliance.cat\/es\/wp-json\/wp\/v2\/users\/1"}],"replies":[{"embeddable":true,"href":"https:\/\/vetalliance.cat\/es\/wp-json\/wp\/v2\/comments?post=21"}],"version-history":[{"count":1,"href":"https:\/\/vetalliance.cat\/es\/wp-json\/wp\/v2\/pages\/21\/revisions"}],"predecessor-version":[{"id":617,"href":"https:\/\/vetalliance.cat\/es\/wp-json\/wp\/v2\/pages\/21\/revisions\/617"}],"wp:attachment":[{"href":"https:\/\/vetalliance.cat\/es\/wp-json\/wp\/v2\/media?parent=21"}],"curies":[{"name":"wp","href":"https:\/\/api.w.org\/{rel}","templated":true}]}}