{"id":4,"date":"2017-06-21T16:50:21","date_gmt":"2017-06-21T16:50:21","guid":{"rendered":"http:\/\/vetalliance.cat\/?page_id=4"},"modified":"2023-05-18T08:17:37","modified_gmt":"2023-05-18T08:17:37","slug":"inicio","status":"publish","type":"page","link":"https:\/\/vetalliance.cat\/es\/","title":{"rendered":"Inicio"},"content":{"rendered":"<h1><strong>Clinica Veterinaria en Badalona<\/strong><\/h1>\n<p style=\"text-align: center;\">Porque tu mascota se merece ser cuidada y mimada como uno m\u00e1s de la familia<\/p>\n<h2 style=\"text-align: center;\">Servicios Veterinarios<\/h2>\n<p style=\"text-align: center;\">No solo somos expertos en perros y gatos, si no que tambi\u00e9n estamos especializados en animales ex\u00f3ticos.<\/p>\n<p style=\"text-align: center;\">\n<p><span data-id=\"undefined\" data-name=\"clock\"><\/span><\/p>\n<h2 style=\"text-align: center;\">Nuestro Horario<\/h2>\n<p style=\"text-align: center;\">Lunes \u2013 Viernes:09:00 &#8211; 18:00Sabados: 10:00 a 13:30Domingos Cerrado<\/p>\n<p style=\"text-align: center;\">\n<h2 style=\"text-align: center;\">\u00bfPorque confiar en VetAlliance?<\/h2>\n<p style=\"margin-bottom: 30px !important; text-align: left;\">Porque nosotros entendemos lo que significa tu mascota para ti, nuestro mayor objetivo es tratar a nuestros pacientes con todo el afecto que se merecen.&nbsp;<\/p>\n<ul>\n<li><span>Contamos con los m\u00e1s avanzados tratamientos.<\/span><\/li>\n<li><span>Una atenci\u00f3n de alta calidad con un toque personal<\/span><\/li>\n<li><span>Vamos a cuidar con la misma minuciosidad y ternura con la que lo har\u00edas t\u00fa.<\/span><\/li>\n<\/ul>\n<p><span style=\"width: 100%;\"><img loading=\"lazy\" alt=\"\" width=\"352\" height=\"351\" title=\"Marcelo-CabreraOK\" data-id=\"290\" src=\"\/\/vetalliance.cat\/wp-content\/uploads\/2017\/06\/Marcelo-CabreraOK.jpg\" style=\"\"><\/span><\/p>\n<h3 style=\"margin-bottom: 20px !important; margin-top: 35px !important;\">Ellos ya han confiado en nosotros<\/h3>\n\r\n\t\t<style type='text\/css'>\r\n\t\t\t#gallery-1 {\r\n\t\t\t\tmargin: auto;\r\n\t\t\t}\r\n\t\t\t#gallery-1 .gallery-item {\r\n\t\t\t\tfloat: left;\r\n\t\t\t\tmargin-top: 10px;\r\n\t\t\t\ttext-align: center;\r\n\t\t\t\twidth: 20%;\r\n\t\t\t}\r\n\t\t\t#gallery-1 img {\r\n\t\t\t\tborder: 2px solid #cfcfcf;\r\n\t\t\t}\r\n\t\t\t#gallery-1 .gallery-caption {\r\n\t\t\t\tmargin-left: 0;\r\n\t\t\t}\r\n\t\t\t\/* see gallery_shortcode() in wp-includes\/media.php *\/\r\n\t\t<\/style>\n\t\t<div id='gallery-1' class='thrive-gallery gallery galleryid-4 gallery-columns-5 gallery-size-large no-gallery'><div class='galleryOverlay' id='gallery-holder-gallery-1'>\r\n                            <div class='galleryStage'><\/div>\r\n                            <div class='g_count gl_ctrl_mob'>\r\n                                <div class='gl_ctrl_wrp'>\r\n                                    <span class='mob_text'> - Swipe left\/right to see more<\/span>\r\n                                    <span class='img_count'><\/span>\r\n                                    <span class='cap_txt'><\/span>\r\n                                <\/div>\r\n                            <\/div>\r\n                            <a class='nav_prev gl_ctrl' href='#'><\/a>\r\n                            <a class='nav_next gl_ctrl' href='#'><\/a>\r\n                            <a class='nav_close gl_ctrl_mob ' href=''><\/a>\r\n                        <\/div><dl class='gallery-item'>\r\n\t\t\t<dt class='gallery-icon landscape'>\r\n\t\t\t\t<a id='gallery-1-0' href='#' style='background-image:url(\"https:\/\/vetalliance.cat\/wp-content\/uploads\/2017\/06\/uron-y-vetalliance.jpg \");' data-src='https:\/\/vetalliance.cat\/wp-content\/uploads\/2017\/06\/uron-y-vetalliance.jpg'  rel='gallery-1' data-index='0'  data-height='494' data-width='500'  data-caption='' data-next='gallery-1-1' data-prev='gallery-1-9' data-index='0' data-position='1\/10'><\/a>\r\n\t\t\t<\/dt><\/dl><dl class='gallery-item'>\r\n\t\t\t<dt class='gallery-icon landscape'>\r\n\t\t\t\t<a id='gallery-1-1' href='#' style='background-image:url(\"https:\/\/vetalliance.cat\/wp-content\/uploads\/2017\/06\/Yuka-Vetalliance.jpg \");' data-src='https:\/\/vetalliance.cat\/wp-content\/uploads\/2017\/06\/Yuka-Vetalliance.jpg'  rel='gallery-1' data-index='1'  data-height='495' data-width='660'  data-caption='' data-next='gallery-1-2' data-prev='gallery-1-0' data-index='1' data-position='2\/10'><\/a>\r\n\t\t\t<\/dt><\/dl><dl class='gallery-item'>\r\n\t\t\t<dt class='gallery-icon portrait'>\r\n\t\t\t\t<a id='gallery-1-2' href='#' style='background-image:url(\"https:\/\/vetalliance.cat\/wp-content\/uploads\/2017\/06\/Pili-vetalliance.jpg \");' data-src='https:\/\/vetalliance.cat\/wp-content\/uploads\/2017\/06\/Pili-vetalliance.jpg'  rel='gallery-1' data-index='2'  data-height='550' data-width='309'  data-caption='' data-next='gallery-1-3' data-prev='gallery-1-1' data-index='2' data-position='3\/10'><\/a>\r\n\t\t\t<\/dt><\/dl><dl class='gallery-item'>\r\n\t\t\t<dt class='gallery-icon portrait'>\r\n\t\t\t\t<a id='gallery-1-3' href='#' style='background-image:url(\"https:\/\/vetalliance.cat\/wp-content\/uploads\/2017\/06\/Rumba-vetalliance.jpg \");' data-src='https:\/\/vetalliance.cat\/wp-content\/uploads\/2017\/06\/Rumba-vetalliance.jpg'  rel='gallery-1' data-index='3'  data-height='550' data-width='450'  data-caption='' data-next='gallery-1-4' data-prev='gallery-1-2' data-index='3' data-position='4\/10'><\/a>\r\n\t\t\t<\/dt><\/dl><dl class='gallery-item'>\r\n\t\t\t<dt class='gallery-icon portrait'>\r\n\t\t\t\t<a id='gallery-1-4' href='#' style='background-image:url(\"https:\/\/vetalliance.cat\/wp-content\/uploads\/2017\/06\/Roc-vetalliance.jpg \");' data-src='https:\/\/vetalliance.cat\/wp-content\/uploads\/2017\/06\/Roc-vetalliance.jpg'  rel='gallery-1' data-index='4'  data-height='550' data-width='412'  data-caption='' data-next='gallery-1-5' data-prev='gallery-1-3' data-index='4' data-position='5\/10'><\/a>\r\n\t\t\t<\/dt><\/dl><br style=\"clear: both\" \/><dl class='gallery-item'>\r\n\t\t\t<dt class='gallery-icon portrait'>\r\n\t\t\t\t<a id='gallery-1-5' href='#' style='background-image:url(\"https:\/\/vetalliance.cat\/wp-content\/uploads\/2017\/06\/wayra-vetalliance.jpg \");' data-src='https:\/\/vetalliance.cat\/wp-content\/uploads\/2017\/06\/wayra-vetalliance.jpg'  rel='gallery-1' data-index='5'  data-height='550' data-width='412'  data-caption='' data-next='gallery-1-6' data-prev='gallery-1-4' data-index='5' data-position='6\/10'><\/a>\r\n\t\t\t<\/dt><\/dl><dl class='gallery-item'>\r\n\t\t\t<dt class='gallery-icon portrait'>\r\n\t\t\t\t<a id='gallery-1-6' href='#' style='background-image:url(\"https:\/\/vetalliance.cat\/wp-content\/uploads\/2017\/06\/Ona-Vetalliance.jpg \");' data-src='https:\/\/vetalliance.cat\/wp-content\/uploads\/2017\/06\/Ona-Vetalliance.jpg'  rel='gallery-1' data-index='6'  data-height='550' data-width='412'  data-caption='' data-next='gallery-1-7' data-prev='gallery-1-5' data-index='6' data-position='7\/10'><\/a>\r\n\t\t\t<\/dt><\/dl><dl class='gallery-item'>\r\n\t\t\t<dt class='gallery-icon portrait'>\r\n\t\t\t\t<a id='gallery-1-7' href='#' style='background-image:url(\"https:\/\/vetalliance.cat\/wp-content\/uploads\/2017\/06\/Perla-vetalliance.jpg \");' data-src='https:\/\/vetalliance.cat\/wp-content\/uploads\/2017\/06\/Perla-vetalliance.jpg'  rel='gallery-1' data-index='7'  data-height='550' data-width='412'  data-caption='' data-next='gallery-1-8' data-prev='gallery-1-6' data-index='7' data-position='8\/10'><\/a>\r\n\t\t\t<\/dt><\/dl><dl class='gallery-item'>\r\n\t\t\t<dt class='gallery-icon landscape'>\r\n\t\t\t\t<a id='gallery-1-8' href='#' style='background-image:url(\"https:\/\/vetalliance.cat\/wp-content\/uploads\/2017\/06\/Nube-vetalliance.jpg \");' data-src='https:\/\/vetalliance.cat\/wp-content\/uploads\/2017\/06\/Nube-vetalliance.jpg'  rel='gallery-1' data-index='8'  data-height='550' data-width='550'  data-caption='' data-next='gallery-1-9' data-prev='gallery-1-7' data-index='8' data-position='9\/10'><\/a>\r\n\t\t\t<\/dt><\/dl><dl class='gallery-item'>\r\n\t\t\t<dt class='gallery-icon landscape'>\r\n\t\t\t\t<a id='gallery-1-9' href='#' style='background-image:url(\"https:\/\/vetalliance.cat\/wp-content\/uploads\/2017\/06\/Nube-vetalliance2.jpg \");' data-src='https:\/\/vetalliance.cat\/wp-content\/uploads\/2017\/06\/Nube-vetalliance2.jpg'  rel='gallery-1' data-index='9'  data-height='371' data-width='660'  data-caption='' data-next='gallery-1-0' data-prev='gallery-1-8' data-index='9' data-position='10\/10'><\/a>\r\n\t\t\t<\/dt><\/dl><br style=\"clear: both\" \/>\r\n\t\t\t<br style='clear: both;' \/>\r\n\t\t<\/div>\n\n<p style=\"font-size: 18px;\">Si quieres ver a todos nuestros amigos haz <a href=\"https:\/\/vetalliance.cat\/nuestros-amigos\/\" style=\"color: rgb(83, 126, 162);\">click aqu\u00ed<\/a><\/p>\n","protected":false},"excerpt":{"rendered":"<p>Clinica Veterinaria en Badalona Porque tu mascota se merece ser cuidada y mimada como uno m\u00e1s de la familia Servicios Veterinarios No solo somos expertos en perros y gatos, si no que tambi\u00e9n estamos especializados en animales ex\u00f3ticos. Nuestro Horario Lunes \u2013 Viernes:09:00 &#8211; 18:00Sabados: 10:00 a 13:30Domingos Cerrado \u00bfPorque confiar en VetAlliance? Porque nosotros [&hellip;]<\/p>\n","protected":false},"author":1,"featured_media":0,"parent":0,"menu_order":0,"comment_status":"closed","ping_status":"closed","template":"","meta":[],"yoast_head":"<!-- This site is optimized with the Yoast SEO plugin v17.5 - https:\/\/yoast.com\/wordpress\/plugins\/seo\/ -->\n<title>Cl\u00ednica Veterinaria en Badalona | VETALLIANCE<\/title>\n<meta name=\"description\" content=\"Por que son uno m\u00e1s de la familia, los cuidaremos y los mimaremos como se merecen.\" \/>\n<meta name=\"robots\" content=\"index, follow, max-snippet:-1, max-image-preview:large, max-video-preview:-1\" \/>\n<link rel=\"canonical\" href=\"https:\/\/vetalliance.cat\/es\/\" \/>\n<meta property=\"og:locale\" content=\"es_ES\" \/>\n<meta property=\"og:type\" content=\"article\" \/>\n<meta property=\"og:title\" content=\"Cl\u00ednica Veterinaria en Badalona | VETALLIANCE\" \/>\n<meta property=\"og:description\" content=\"Por que son uno m\u00e1s de la familia, los cuidaremos y los mimaremos como se merecen.\" \/>\n<meta property=\"og:url\" content=\"https:\/\/vetalliance.cat\/es\/\" \/>\n<meta property=\"og:site_name\" content=\"VetAlliance\" \/>\n<meta property=\"article:modified_time\" content=\"2023-05-18T08:17:37+00:00\" \/>\n<meta property=\"og:image\" content=\"https:\/\/vetalliance.cat\/wp-content\/uploads\/2017\/06\/Pili-vetalliance.jpg\" \/>\n<meta name=\"twitter:card\" content=\"summary\" \/>\n<meta name=\"twitter:label1\" content=\"Tiempo de lectura\" \/>\n\t<meta name=\"twitter:data1\" content=\"1 minuto\" \/>\n<script type=\"application\/ld+json\" class=\"yoast-schema-graph\">{\"@context\":\"https:\/\/schema.org\",\"@graph\":[{\"@type\":\"WebSite\",\"@id\":\"https:\/\/vetalliance.cat\/es\/#website\",\"url\":\"https:\/\/vetalliance.cat\/es\/\",\"name\":\"VetAlliance\",\"description\":\"Clinica Veterinaria Badalona\",\"potentialAction\":[{\"@type\":\"SearchAction\",\"target\":{\"@type\":\"EntryPoint\",\"urlTemplate\":\"https:\/\/vetalliance.cat\/es\/?s={search_term_string}\"},\"query-input\":\"required name=search_term_string\"}],\"inLanguage\":\"es\"},{\"@type\":\"ImageObject\",\"@id\":\"https:\/\/vetalliance.cat\/es\/#primaryimage\",\"inLanguage\":\"es\",\"url\":\"\/\/vetalliance.cat\/wp-content\/uploads\/2017\/06\/Marcelo-CabreraOK.jpg\",\"contentUrl\":\"\/\/vetalliance.cat\/wp-content\/uploads\/2017\/06\/Marcelo-CabreraOK.jpg\"},{\"@type\":\"WebPage\",\"@id\":\"https:\/\/vetalliance.cat\/es\/#webpage\",\"url\":\"https:\/\/vetalliance.cat\/es\/\",\"name\":\"Cl\\u00ednica Veterinaria en Badalona | VETALLIANCE\",\"isPartOf\":{\"@id\":\"https:\/\/vetalliance.cat\/es\/#website\"},\"primaryImageOfPage\":{\"@id\":\"https:\/\/vetalliance.cat\/es\/#primaryimage\"},\"datePublished\":\"2017-06-21T16:50:21+00:00\",\"dateModified\":\"2023-05-18T08:17:37+00:00\",\"description\":\"Por que son uno m\\u00e1s de la familia, los cuidaremos y los mimaremos como se merecen.\",\"breadcrumb\":{\"@id\":\"https:\/\/vetalliance.cat\/es\/#breadcrumb\"},\"inLanguage\":\"es\",\"potentialAction\":[{\"@type\":\"ReadAction\",\"target\":[\"https:\/\/vetalliance.cat\/es\/\"]}]},{\"@type\":\"BreadcrumbList\",\"@id\":\"https:\/\/vetalliance.cat\/es\/#breadcrumb\",\"itemListElement\":[{\"@type\":\"ListItem\",\"position\":1,\"name\":\"Portada\",\"item\":\"https:\/\/vetalliance.cat\/es\/\"},{\"@type\":\"ListItem\",\"position\":2,\"name\":\"Inicio\"}]}]}<\/script>\n<!-- \/ Yoast SEO plugin. -->","yoast_head_json":{"title":"Cl\u00ednica Veterinaria en Badalona | VETALLIANCE","description":"Por que son uno m\u00e1s de la familia, los cuidaremos y los mimaremos como se merecen.","robots":{"index":"index","follow":"follow","max-snippet":"max-snippet:-1","max-image-preview":"max-image-preview:large","max-video-preview":"max-video-preview:-1"},"canonical":"https:\/\/vetalliance.cat\/es\/","og_locale":"es_ES","og_type":"article","og_title":"Cl\u00ednica Veterinaria en Badalona | VETALLIANCE","og_description":"Por que son uno m\u00e1s de la familia, los cuidaremos y los mimaremos como se merecen.","og_url":"https:\/\/vetalliance.cat\/es\/","og_site_name":"VetAlliance","article_modified_time":"2023-05-18T08:17:37+00:00","og_image":[{"url":"https:\/\/vetalliance.cat\/wp-content\/uploads\/2017\/06\/Pili-vetalliance.jpg"}],"twitter_card":"summary","twitter_misc":{"Tiempo de lectura":"1 minuto"},"schema":{"@context":"https:\/\/schema.org","@graph":[{"@type":"WebSite","@id":"https:\/\/vetalliance.cat\/es\/#website","url":"https:\/\/vetalliance.cat\/es\/","name":"VetAlliance","description":"Clinica Veterinaria Badalona","potentialAction":[{"@type":"SearchAction","target":{"@type":"EntryPoint","urlTemplate":"https:\/\/vetalliance.cat\/es\/?s={search_term_string}"},"query-input":"required name=search_term_string"}],"inLanguage":"es"},{"@type":"ImageObject","@id":"https:\/\/vetalliance.cat\/es\/#primaryimage","inLanguage":"es","url":"\/\/vetalliance.cat\/wp-content\/uploads\/2017\/06\/Marcelo-CabreraOK.jpg","contentUrl":"\/\/vetalliance.cat\/wp-content\/uploads\/2017\/06\/Marcelo-CabreraOK.jpg"},{"@type":"WebPage","@id":"https:\/\/vetalliance.cat\/es\/#webpage","url":"https:\/\/vetalliance.cat\/es\/","name":"Cl\u00ednica Veterinaria en Badalona | VETALLIANCE","isPartOf":{"@id":"https:\/\/vetalliance.cat\/es\/#website"},"primaryImageOfPage":{"@id":"https:\/\/vetalliance.cat\/es\/#primaryimage"},"datePublished":"2017-06-21T16:50:21+00:00","dateModified":"2023-05-18T08:17:37+00:00","description":"Por que son uno m\u00e1s de la familia, los cuidaremos y los mimaremos como se merecen.","breadcrumb":{"@id":"https:\/\/vetalliance.cat\/es\/#breadcrumb"},"inLanguage":"es","potentialAction":[{"@type":"ReadAction","target":["https:\/\/vetalliance.cat\/es\/"]}]},{"@type":"BreadcrumbList","@id":"https:\/\/vetalliance.cat\/es\/#breadcrumb","itemListElement":[{"@type":"ListItem","position":1,"name":"Portada","item":"https:\/\/vetalliance.cat\/es\/"},{"@type":"ListItem","position":2,"name":"Inicio"}]}]}},"_links":{"self":[{"href":"https:\/\/vetalliance.cat\/es\/wp-json\/wp\/v2\/pages\/4"}],"collection":[{"href":"https:\/\/vetalliance.cat\/es\/wp-json\/wp\/v2\/pages"}],"about":[{"href":"https:\/\/vetalliance.cat\/es\/wp-json\/wp\/v2\/types\/page"}],"author":[{"embeddable":true,"href":"https:\/\/vetalliance.cat\/es\/wp-json\/wp\/v2\/users\/1"}],"replies":[{"embeddable":true,"href":"https:\/\/vetalliance.cat\/es\/wp-json\/wp\/v2\/comments?post=4"}],"version-history":[{"count":2,"href":"https:\/\/vetalliance.cat\/es\/wp-json\/wp\/v2\/pages\/4\/revisions"}],"predecessor-version":[{"id":722,"href":"https:\/\/vetalliance.cat\/es\/wp-json\/wp\/v2\/pages\/4\/revisions\/722"}],"wp:attachment":[{"href":"https:\/\/vetalliance.cat\/es\/wp-json\/wp\/v2\/media?parent=4"}],"curies":[{"name":"wp","href":"https:\/\/api.w.org\/{rel}","templated":true}]}}